{"id":4128,"date":"2019-05-23T16:53:31","date_gmt":"2019-05-23T16:53:31","guid":{"rendered":"https:\/\/plasticloset.com\/home_pc\/?post_type=product&#038;p=4128"},"modified":"2019-05-23T18:29:35","modified_gmt":"2019-05-23T18:29:35","slug":"perfiles","status":"publish","type":"product","link":"https:\/\/plasticloset.com\/home_pc\/product\/perfiles\/","title":{"rendered":"Perfiles"},"content":{"rendered":"<p class=\"\">El sistema constructivo de INDUSTRIASPLASTIWINDOOR\u00a0 est\u00e1 compuesto por Perfiles para distintas aplicaciones estructurales. Las propiedades y ventajas del sistema de Perfiles, permiten una soluci\u00f3n constructiva modular y de f\u00e1cil ampliaci\u00f3n. Millones de m2 construidos avalan su resistencia y funcionalidad.<\/p>\n<p>A nivel dise\u00f1o, sensaci\u00f3n y est\u00e9tica se presenta de manera eficaz en la construcci\u00f3n tradicional y moderna, con mejoras en cuanto a la resistencia estructural y la aislaci\u00f3n t\u00e9rmica.<\/p>\n<div class=\"page\" title=\"Page 13\">\n<div class=\"section\">\n<div class=\"layoutArea\">\n<div class=\"column\">\n<div class=\"page\" title=\"Page 13\">\n<div class=\"section\">\n<div class=\"layoutArea\">\n<div class=\"column\">\n<h5><\/h5>\n<h5>Este es un producto de:<\/h5>\n<p>&nbsp;<\/p>\n<\/div>\n<p><img loading=\"lazy\" decoding=\"async\" class=\"alignnone size-medium wp-image-4130\" src=\"https:\/\/plasticloset.com\/home_pc\/wp-content\/uploads\/2019\/05\/perfil-angosto-300x72.png\" alt=\"\" width=\"300\" height=\"72\" srcset=\"https:\/\/plasticloset.com\/home_pc\/wp-content\/uploads\/2019\/05\/perfil-angosto-300x72.png 300w, https:\/\/plasticloset.com\/home_pc\/wp-content\/uploads\/2019\/05\/perfil-angosto-768x184.png 768w, https:\/\/plasticloset.com\/home_pc\/wp-content\/uploads\/2019\/05\/perfil-angosto-600x144.png 600w, https:\/\/plasticloset.com\/home_pc\/wp-content\/uploads\/2019\/05\/perfil-angosto.png 988w\" sizes=\"auto, (max-width: 300px) 100vw, 300px\" \/><\/p>\n<\/div>\n<\/div>\n<\/div>\n<\/div>\n<\/div>\n<\/div>\n<\/div>\n<hr size=\"3\" \/>\n<h5>\u00a1Cotiza con nosotros!<\/h5>\n\n<div class=\"wpcf7 no-js\" id=\"wpcf7-f4131-o1\" lang=\"en-US\" dir=\"ltr\" data-wpcf7-id=\"4131\">\n<div class=\"screen-reader-response\"><p role=\"status\" aria-live=\"polite\" aria-atomic=\"true\"><\/p> <ul><\/ul><\/div>\n<form action=\"\/home_pc\/wp-json\/wp\/v2\/product\/4128#wpcf7-f4131-o1\" method=\"post\" class=\"wpcf7-form init\" aria-label=\"Contact form\" novalidate=\"novalidate\" data-status=\"init\">\n<div style=\"display: none;\">\n<input type=\"hidden\" name=\"_wpcf7\" value=\"4131\" \/>\n<input type=\"hidden\" name=\"_wpcf7_version\" value=\"6.0.3\" \/>\n<input type=\"hidden\" name=\"_wpcf7_locale\" value=\"en_US\" \/>\n<input type=\"hidden\" name=\"_wpcf7_unit_tag\" value=\"wpcf7-f4131-o1\" \/>\n<input type=\"hidden\" name=\"_wpcf7_container_post\" value=\"0\" \/>\n<input type=\"hidden\" name=\"_wpcf7_posted_data_hash\" value=\"\" \/>\n<input type=\"hidden\" name=\"_wpcf7_recaptcha_response\" value=\"\" \/>\n<\/div>\n<p><span class=\"wpcf7-form-control-wrap\" data-name=\"Nombre\"><input size=\"40\" maxlength=\"400\" class=\"wpcf7-form-control wpcf7-text wpcf7-validates-as-required\" aria-required=\"true\" aria-invalid=\"false\" placeholder=\"Nombre y apellido\" value=\"\" type=\"text\" name=\"Nombre\" \/><\/span><span class=\"wpcf7-form-control-wrap\" data-name=\"email-312\"><input size=\"40\" maxlength=\"400\" class=\"wpcf7-form-control wpcf7-email wpcf7-text wpcf7-validates-as-email\" aria-invalid=\"false\" placeholder=\"E-mail\" value=\"\" type=\"email\" name=\"email-312\" \/><\/span>\n<\/p>\n<p><span class=\"wpcf7-form-control-wrap\" data-name=\"tel-956\"><input size=\"40\" maxlength=\"400\" class=\"wpcf7-form-control wpcf7-tel wpcf7-validates-as-required wpcf7-text wpcf7-validates-as-tel\" aria-required=\"true\" aria-invalid=\"false\" placeholder=\"N\u00famero de contacto\" value=\"\" type=\"tel\" name=\"tel-956\" \/><\/span>\n<\/p>\n<p>Seleccione el producto\n<\/p>\n<p><span class=\"wpcf7-form-control-wrap\" data-name=\"menu-10\"><select class=\"wpcf7-form-control wpcf7-select wpcf7-validates-as-required\" aria-required=\"true\" aria-invalid=\"false\" name=\"menu-10\"><option value=\"\">&#8212;Please choose an option&#8212;<\/option><option value=\"Perfiles\">Perfiles<\/option><\/select><\/span>\n<\/p>\n<div class=\"grid-container\">\n\t<div class=\"grid-100\">\n\t\t<p><span class=\"wpcf7-form-control-wrap\" data-name=\"textarea-102\"><textarea cols=\"40\" rows=\"10\" maxlength=\"2000\" class=\"wpcf7-form-control wpcf7-textarea wpcf7-validates-as-required\" aria-required=\"true\" aria-invalid=\"false\" placeholder=\"Mensaje\" name=\"textarea-102\"><\/textarea><\/span>\n\t\t<\/p>\n\t<\/div>\n<\/div>\n<p><input class=\"wpcf7-form-control wpcf7-submit has-spinner\" type=\"submit\" value=\"Enviar Mensaje\" \/>\n<\/p><div class=\"wpcf7-response-output\" aria-hidden=\"true\"><\/div>\n<\/form>\n<\/div>\n\n","protected":false},"excerpt":{"rendered":"<p>Materializamos tus ideas: Fabricamos perfiles construidos a medida para hacer realidad tus ideas, usando perfiles de punta mediante la industrializaci\u00f3n de nuestros materiales constructivos.<\/p>\n","protected":false},"featured_media":4132,"comment_status":"open","ping_status":"closed","template":"","meta":{"_joinchat":[]},"product_brand":[],"product_cat":[65],"product_tag":[],"class_list":{"0":"post-4128","1":"product","2":"type-product","3":"status-publish","4":"has-post-thumbnail","6":"product_cat-perfiles","8":"first","9":"instock","10":"shipping-taxable","11":"product-type-simple"},"_links":{"self":[{"href":"https:\/\/plasticloset.com\/home_pc\/wp-json\/wp\/v2\/product\/4128","targetHints":{"allow":["GET"]}}],"collection":[{"href":"https:\/\/plasticloset.com\/home_pc\/wp-json\/wp\/v2\/product"}],"about":[{"href":"https:\/\/plasticloset.com\/home_pc\/wp-json\/wp\/v2\/types\/product"}],"replies":[{"embeddable":true,"href":"https:\/\/plasticloset.com\/home_pc\/wp-json\/wp\/v2\/comments?post=4128"}],"wp:featuredmedia":[{"embeddable":true,"href":"https:\/\/plasticloset.com\/home_pc\/wp-json\/wp\/v2\/media\/4132"}],"wp:attachment":[{"href":"https:\/\/plasticloset.com\/home_pc\/wp-json\/wp\/v2\/media?parent=4128"}],"wp:term":[{"taxonomy":"product_brand","embeddable":true,"href":"https:\/\/plasticloset.com\/home_pc\/wp-json\/wp\/v2\/product_brand?post=4128"},{"taxonomy":"product_cat","embeddable":true,"href":"https:\/\/plasticloset.com\/home_pc\/wp-json\/wp\/v2\/product_cat?post=4128"},{"taxonomy":"product_tag","embeddable":true,"href":"https:\/\/plasticloset.com\/home_pc\/wp-json\/wp\/v2\/product_tag?post=4128"}],"curies":[{"name":"wp","href":"https:\/\/api.w.org\/{rel}","templated":true}]}}