{"id":4004,"date":"2019-04-14T22:20:07","date_gmt":"2019-04-14T22:20:07","guid":{"rendered":"https:\/\/playgroundenterprice.com.ec\/home_pc\/?post_type=product&#038;p=4004"},"modified":"2019-04-18T17:41:34","modified_gmt":"2019-04-18T17:41:34","slug":"serie-otono","status":"publish","type":"product","link":"https:\/\/plasticloset.com\/home_pc\/product\/serie-otono\/","title":{"rendered":"Serie Oto\u00f1o"},"content":{"rendered":"<div class=\"page\" title=\"Page 13\">\n<div class=\"section\">\n<div class=\"layoutArea\">\n<div class=\"column\">\n<h4>L\u00ednea Corrediza<\/h4>\n<div class=\"page\" title=\"Page 12\">\n<div class=\"section\">\n<div class=\"layoutArea\">\n<div class=\"column\">\n<div class=\"page\" title=\"Page 11\">\n<div class=\"section\">\n<div class=\"layoutArea\">\n<div class=\"column\">\n<div class=\"page\" title=\"Page 10\">\n<div class=\"section\">\n<div class=\"layoutArea\">\n<div class=\"column\">\n<p>Perfecta para puertas corredizas altas o ventanales que conectan dos ambientes, nuestra li\u0301nea de perfiles de PVC tipo europeo Oton\u0303o, brinda excelentes beneficios y mejora el confort al interior de su hogar, la altura de su hoja corrediza que supera los 85mm y su ca\u0301mara interior para refuerzo de acero, permiten cubrir a\u0301reas grandes y admiten distintos tipos de acristalamiento. Los herrajes meta\u0301licos de cierre mu\u0301ltiple, ruedas con caja de acero de uso pesado, topes de goma, felpas entre otros accesorios, trabajan en armoni\u0301a con los perfiles para brindarle un producto de calidad con un o\u0301ptimo funcionamiento<\/p>\n<\/div>\n<\/div>\n<\/div>\n<\/div>\n<\/div>\n<h6>Aperturas<\/h6>\n<\/div>\n<\/div>\n<\/div>\n<\/div>\n<\/div>\n<\/div>\n<\/div>\n<p><img loading=\"lazy\" decoding=\"async\" class=\"alignnone wp-image-4006 size-full\" src=\"https:\/\/playgroundenterprice.com.ec\/home_pc\/wp-content\/uploads\/2019\/04\/Oton\u0303o-25.png\" alt=\"\" width=\"1262\" height=\"302\" srcset=\"https:\/\/plasticloset.com\/home_pc\/wp-content\/uploads\/2019\/04\/Oton\u0303o-25.png 1262w, https:\/\/plasticloset.com\/home_pc\/wp-content\/uploads\/2019\/04\/Oton\u0303o-25-300x72.png 300w, https:\/\/plasticloset.com\/home_pc\/wp-content\/uploads\/2019\/04\/Oton\u0303o-25-768x184.png 768w, https:\/\/plasticloset.com\/home_pc\/wp-content\/uploads\/2019\/04\/Oton\u0303o-25-1024x245.png 1024w, https:\/\/plasticloset.com\/home_pc\/wp-content\/uploads\/2019\/04\/Oton\u0303o-25-600x144.png 600w\" sizes=\"auto, (max-width: 1262px) 100vw, 1262px\" \/><\/p>\n<p>&nbsp;<\/p>\n<div class=\"page\" title=\"Page 13\">\n<div class=\"section\">\n<div class=\"layoutArea\">\n<div class=\"column\">\n<h4>NOTA:<\/h4>\n<p>Esta serie admite malla anti-mosquito corrediza.<\/p>\n<p>El precio final var\u00eda en base a diferentes factores, donde se estudia el espacio, la medida, el estilo, entre otras cosas. Brindamos informaci\u00f3n mas precisa donde determinamos las caracter\u00edsticas\u00a0 del producto en cuesti\u00f3n, as\u00ed tambi\u00e9n, puede llenar nuestro formulario de cotizaci\u00f3n y si desea una asistencia mas personalizada, puede hacer click en nuestro bot\u00f3n de WhatsApp. Esperamos brindar la mayor comodidad en su experiencia de compra.<\/p>\n<\/div>\n<h5><\/h5>\n<h5>Este es un producto de:<\/h5>\n<p><img loading=\"lazy\" decoding=\"async\" class=\"alignnone size-medium wp-image-3833\" src=\"https:\/\/plasticloset.com\/home_pc\/wp-content\/uploads\/2019\/03\/Plastiwindoor-27-300x117.png\" alt=\"\" width=\"300\" height=\"117\" srcset=\"https:\/\/plasticloset.com\/home_pc\/wp-content\/uploads\/2019\/03\/Plastiwindoor-27-300x117.png 300w, https:\/\/plasticloset.com\/home_pc\/wp-content\/uploads\/2019\/03\/Plastiwindoor-27-768x300.png 768w, https:\/\/plasticloset.com\/home_pc\/wp-content\/uploads\/2019\/03\/Plastiwindoor-27-1024x400.png 1024w, https:\/\/plasticloset.com\/home_pc\/wp-content\/uploads\/2019\/03\/Plastiwindoor-27-600x234.png 600w, https:\/\/plasticloset.com\/home_pc\/wp-content\/uploads\/2019\/03\/Plastiwindoor-27.png 1462w\" sizes=\"auto, (max-width: 300px) 100vw, 300px\" \/><\/p>\n<\/div>\n<\/div>\n<\/div>\n<\/div>\n<\/div>\n<\/div>\n<\/div>\n<hr size=\"3\" \/>\n<h5>\u00a1Cotiza con nosotros!<\/h5>\n\n<div class=\"wpcf7 no-js\" id=\"wpcf7-f3962-o1\" lang=\"en-US\" dir=\"ltr\" data-wpcf7-id=\"3962\">\n<div class=\"screen-reader-response\"><p role=\"status\" aria-live=\"polite\" aria-atomic=\"true\"><\/p> <ul><\/ul><\/div>\n<form action=\"\/home_pc\/wp-json\/wp\/v2\/product\/4004#wpcf7-f3962-o1\" method=\"post\" class=\"wpcf7-form init\" aria-label=\"Contact form\" novalidate=\"novalidate\" data-status=\"init\">\n<div style=\"display: none;\">\n<input type=\"hidden\" name=\"_wpcf7\" value=\"3962\" \/>\n<input type=\"hidden\" name=\"_wpcf7_version\" value=\"6.0.3\" \/>\n<input type=\"hidden\" name=\"_wpcf7_locale\" value=\"en_US\" \/>\n<input type=\"hidden\" name=\"_wpcf7_unit_tag\" value=\"wpcf7-f3962-o1\" \/>\n<input type=\"hidden\" name=\"_wpcf7_container_post\" value=\"0\" \/>\n<input type=\"hidden\" name=\"_wpcf7_posted_data_hash\" value=\"\" \/>\n<input type=\"hidden\" name=\"_wpcf7_recaptcha_response\" value=\"\" \/>\n<\/div>\n<p><span class=\"wpcf7-form-control-wrap\" data-name=\"Nombre\"><input size=\"40\" maxlength=\"400\" class=\"wpcf7-form-control wpcf7-text wpcf7-validates-as-required\" aria-required=\"true\" aria-invalid=\"false\" placeholder=\"Nombre y apellido\" value=\"\" type=\"text\" name=\"Nombre\" \/><\/span><span class=\"wpcf7-form-control-wrap\" data-name=\"email-312\"><input size=\"40\" maxlength=\"400\" class=\"wpcf7-form-control wpcf7-email wpcf7-text wpcf7-validates-as-email\" aria-invalid=\"false\" placeholder=\"E-mail\" value=\"\" type=\"email\" name=\"email-312\" \/><\/span>\n<\/p>\n<p><span class=\"wpcf7-form-control-wrap\" data-name=\"tel-956\"><input size=\"40\" maxlength=\"400\" class=\"wpcf7-form-control wpcf7-tel wpcf7-validates-as-required wpcf7-text wpcf7-validates-as-tel\" aria-required=\"true\" aria-invalid=\"false\" placeholder=\"N\u00famero de contacto\" value=\"\" type=\"tel\" name=\"tel-956\" \/><\/span>\n<\/p>\n<p>Seleccione el producto\n<\/p>\n<p><span class=\"wpcf7-form-control-wrap\" data-name=\"menu-10\"><select class=\"wpcf7-form-control wpcf7-select wpcf7-validates-as-required\" aria-required=\"true\" aria-invalid=\"false\" name=\"menu-10\"><option value=\"\">&#8212;Please choose an option&#8212;<\/option><option value=\"Verano\">Verano<\/option><option value=\"Corina\">Corina<\/option><option value=\"Bella\">Bella<\/option><option value=\"Oto\u00f1o\">Oto\u00f1o<\/option><option value=\"Brisa\">Brisa<\/option><\/select><\/span>\n<\/p>\n<div class=\"grid-container\">\n\t<div class=\"grid-100\">\n\t\t<p><span class=\"wpcf7-form-control-wrap\" data-name=\"textarea-102\"><textarea cols=\"40\" rows=\"10\" maxlength=\"2000\" class=\"wpcf7-form-control wpcf7-textarea wpcf7-validates-as-required\" aria-required=\"true\" aria-invalid=\"false\" placeholder=\"Mensaje\" name=\"textarea-102\"><\/textarea><\/span>\n\t\t<\/p>\n\t<\/div>\n<\/div>\n<p><input class=\"wpcf7-form-control wpcf7-submit has-spinner\" type=\"submit\" value=\"Enviar Mensaje\" \/>\n<\/p><div class=\"wpcf7-response-output\" aria-hidden=\"true\"><\/div>\n<\/form>\n<\/div>\n\n","protected":false},"excerpt":{"rendered":"<p>Perfecta para puertas corredizas altas o ventanales que conectan dos ambientes, nuestra li\u0301nea de perfiles de PVC tipo europeo Oton\u0303o, brinda excelentes beneficios y mejora el confort al interior de su hogar.<\/p>\n[maxbutton id=\"3\" url=\"https:\/\/playgroundenterprice.com.ec\/home_pc\/catalogo_plastiwindoor.pdf\" text=\"VER CAT\u00c1LOGO\" window=\"new\" ]\n","protected":false},"featured_media":4005,"comment_status":"open","ping_status":"closed","template":"","meta":{"_joinchat":[]},"product_brand":[],"product_cat":[63],"product_tag":[],"class_list":{"0":"post-4004","1":"product","2":"type-product","3":"status-publish","4":"has-post-thumbnail","6":"product_cat-ventanas-plastiwindoor","8":"first","9":"instock","10":"shipping-taxable","11":"product-type-simple"},"_links":{"self":[{"href":"https:\/\/plasticloset.com\/home_pc\/wp-json\/wp\/v2\/product\/4004","targetHints":{"allow":["GET"]}}],"collection":[{"href":"https:\/\/plasticloset.com\/home_pc\/wp-json\/wp\/v2\/product"}],"about":[{"href":"https:\/\/plasticloset.com\/home_pc\/wp-json\/wp\/v2\/types\/product"}],"replies":[{"embeddable":true,"href":"https:\/\/plasticloset.com\/home_pc\/wp-json\/wp\/v2\/comments?post=4004"}],"wp:featuredmedia":[{"embeddable":true,"href":"https:\/\/plasticloset.com\/home_pc\/wp-json\/wp\/v2\/media\/4005"}],"wp:attachment":[{"href":"https:\/\/plasticloset.com\/home_pc\/wp-json\/wp\/v2\/media?parent=4004"}],"wp:term":[{"taxonomy":"product_brand","embeddable":true,"href":"https:\/\/plasticloset.com\/home_pc\/wp-json\/wp\/v2\/product_brand?post=4004"},{"taxonomy":"product_cat","embeddable":true,"href":"https:\/\/plasticloset.com\/home_pc\/wp-json\/wp\/v2\/product_cat?post=4004"},{"taxonomy":"product_tag","embeddable":true,"href":"https:\/\/plasticloset.com\/home_pc\/wp-json\/wp\/v2\/product_tag?post=4004"}],"curies":[{"name":"wp","href":"https:\/\/api.w.org\/{rel}","templated":true}]}}