{"id":3968,"date":"2019-04-13T03:42:55","date_gmt":"2019-04-13T03:42:55","guid":{"rendered":"https:\/\/playgroundenterprice.com.ec\/home_pc\/?post_type=product&#038;p=3968"},"modified":"2019-04-18T17:47:14","modified_gmt":"2019-04-18T17:47:14","slug":"serie-corina","status":"publish","type":"product","link":"https:\/\/plasticloset.com\/home_pc\/product\/serie-corina\/","title":{"rendered":"Serie Corina"},"content":{"rendered":"<div class=\"page\" title=\"Page 13\">\n<div class=\"section\">\n<div class=\"layoutArea\">\n<div class=\"column\">\n<h4>L\u00ednea Corrediza<\/h4>\n<div class=\"page\" title=\"Page 12\">\n<div class=\"section\">\n<div class=\"layoutArea\">\n<div class=\"column\">\n<p>Corina es ideal para los proyectos inmobiliarios donde el volumen de construccio\u0301n requieren de un producto de calidad a un buen costo, se pueden fabricar ventanas corredizas de varios cuerpos, con antepecho, tarjetas fijas en el dintel o a los costados, incluso puertas corredizas de altura moderada, tambie\u0301n admite felpas, seguros con un punto de cierre, manijas, topes de goma y ruedas de caja meta\u0301lica con barriletes de nylon. El acristalamiento normalmente se realiza con vidrio de 6mm (flotado, laminado o templado) aunque admite tambie\u0301n vidrio de 4mm en aperturas pequen\u0303as.<\/p>\n<\/div>\n<\/div>\n<\/div>\n<\/div>\n<p>&nbsp;<\/p>\n<p><img loading=\"lazy\" decoding=\"async\" class=\"alignnone wp-image-3969 size-full\" src=\"https:\/\/playgroundenterprice.com.ec\/home_pc\/wp-content\/uploads\/2019\/04\/Animadas.png\" alt=\"\" width=\"605\" height=\"144\" srcset=\"https:\/\/plasticloset.com\/home_pc\/wp-content\/uploads\/2019\/04\/Animadas.png 605w, https:\/\/plasticloset.com\/home_pc\/wp-content\/uploads\/2019\/04\/Animadas-300x71.png 300w, https:\/\/plasticloset.com\/home_pc\/wp-content\/uploads\/2019\/04\/Animadas-600x143.png 600w\" sizes=\"auto, (max-width: 605px) 100vw, 605px\" \/><\/p>\n<p>&nbsp;<\/p>\n<div class=\"page\" title=\"Page 13\">\n<div class=\"section\">\n<div class=\"layoutArea\">\n<div class=\"column\">\n<h4>NOTA:<\/h4>\n<p>Esta serie admite malla anti-mosquito corrediza.<\/p>\n<p>El precio final var\u00eda en base a diferentes factores, donde se estudia el espacio, la medida, el estilo, entre otras cosas. Brindamos informaci\u00f3n mas precisa donde determinamos las caracter\u00edsticas\u00a0 del producto en cuesti\u00f3n, as\u00ed tambi\u00e9n, puede llenar nuestro formulario de cotizaci\u00f3n y si desea una asistencia mas personalizada, puede hacer click en nuestro bot\u00f3n de WhatsApp. Esperamos brindar la mayor comodidad en su experiencia de compra.<\/p>\n<\/div>\n<h5>Este es un producto de:<\/h5>\n<p><img loading=\"lazy\" decoding=\"async\" class=\"alignnone size-medium wp-image-3833\" src=\"https:\/\/plasticloset.com\/home_pc\/wp-content\/uploads\/2019\/03\/Plastiwindoor-27-300x117.png\" alt=\"\" width=\"300\" height=\"117\" srcset=\"https:\/\/plasticloset.com\/home_pc\/wp-content\/uploads\/2019\/03\/Plastiwindoor-27-300x117.png 300w, https:\/\/plasticloset.com\/home_pc\/wp-content\/uploads\/2019\/03\/Plastiwindoor-27-768x300.png 768w, https:\/\/plasticloset.com\/home_pc\/wp-content\/uploads\/2019\/03\/Plastiwindoor-27-1024x400.png 1024w, https:\/\/plasticloset.com\/home_pc\/wp-content\/uploads\/2019\/03\/Plastiwindoor-27-600x234.png 600w, https:\/\/plasticloset.com\/home_pc\/wp-content\/uploads\/2019\/03\/Plastiwindoor-27.png 1462w\" sizes=\"auto, (max-width: 300px) 100vw, 300px\" \/><\/p>\n<p>&nbsp;<\/p>\n<\/div>\n<\/div>\n<\/div>\n<\/div>\n<\/div>\n<\/div>\n<\/div>\n<hr size=\"3\" \/>\n<h5>\u00a1Cotiza con nosotros!<\/h5>\n\n<div class=\"wpcf7 no-js\" id=\"wpcf7-f3962-o1\" lang=\"en-US\" dir=\"ltr\" data-wpcf7-id=\"3962\">\n<div class=\"screen-reader-response\"><p role=\"status\" aria-live=\"polite\" aria-atomic=\"true\"><\/p> <ul><\/ul><\/div>\n<form action=\"\/home_pc\/wp-json\/wp\/v2\/product\/3968#wpcf7-f3962-o1\" method=\"post\" class=\"wpcf7-form init\" aria-label=\"Contact form\" novalidate=\"novalidate\" data-status=\"init\">\n<div style=\"display: none;\">\n<input type=\"hidden\" name=\"_wpcf7\" value=\"3962\" \/>\n<input type=\"hidden\" name=\"_wpcf7_version\" value=\"6.0.3\" \/>\n<input type=\"hidden\" name=\"_wpcf7_locale\" value=\"en_US\" \/>\n<input type=\"hidden\" name=\"_wpcf7_unit_tag\" value=\"wpcf7-f3962-o1\" \/>\n<input type=\"hidden\" name=\"_wpcf7_container_post\" value=\"0\" \/>\n<input type=\"hidden\" name=\"_wpcf7_posted_data_hash\" value=\"\" \/>\n<input type=\"hidden\" name=\"_wpcf7_recaptcha_response\" value=\"\" \/>\n<\/div>\n<p><span class=\"wpcf7-form-control-wrap\" data-name=\"Nombre\"><input size=\"40\" maxlength=\"400\" class=\"wpcf7-form-control wpcf7-text wpcf7-validates-as-required\" aria-required=\"true\" aria-invalid=\"false\" placeholder=\"Nombre y apellido\" value=\"\" type=\"text\" name=\"Nombre\" \/><\/span><span class=\"wpcf7-form-control-wrap\" data-name=\"email-312\"><input size=\"40\" maxlength=\"400\" class=\"wpcf7-form-control wpcf7-email wpcf7-text wpcf7-validates-as-email\" aria-invalid=\"false\" placeholder=\"E-mail\" value=\"\" type=\"email\" name=\"email-312\" \/><\/span>\n<\/p>\n<p><span class=\"wpcf7-form-control-wrap\" data-name=\"tel-956\"><input size=\"40\" maxlength=\"400\" class=\"wpcf7-form-control wpcf7-tel wpcf7-validates-as-required wpcf7-text wpcf7-validates-as-tel\" aria-required=\"true\" aria-invalid=\"false\" placeholder=\"N\u00famero de contacto\" value=\"\" type=\"tel\" name=\"tel-956\" \/><\/span>\n<\/p>\n<p>Seleccione el producto\n<\/p>\n<p><span class=\"wpcf7-form-control-wrap\" data-name=\"menu-10\"><select class=\"wpcf7-form-control wpcf7-select wpcf7-validates-as-required\" aria-required=\"true\" aria-invalid=\"false\" name=\"menu-10\"><option value=\"\">&#8212;Please choose an option&#8212;<\/option><option value=\"Verano\">Verano<\/option><option value=\"Corina\">Corina<\/option><option value=\"Bella\">Bella<\/option><option value=\"Oto\u00f1o\">Oto\u00f1o<\/option><option value=\"Brisa\">Brisa<\/option><\/select><\/span>\n<\/p>\n<div class=\"grid-container\">\n\t<div class=\"grid-100\">\n\t\t<p><span class=\"wpcf7-form-control-wrap\" data-name=\"textarea-102\"><textarea cols=\"40\" rows=\"10\" maxlength=\"2000\" class=\"wpcf7-form-control wpcf7-textarea wpcf7-validates-as-required\" aria-required=\"true\" aria-invalid=\"false\" placeholder=\"Mensaje\" name=\"textarea-102\"><\/textarea><\/span>\n\t\t<\/p>\n\t<\/div>\n<\/div>\n<p><input class=\"wpcf7-form-control wpcf7-submit has-spinner\" type=\"submit\" value=\"Enviar Mensaje\" \/>\n<\/p><div class=\"wpcf7-response-output\" aria-hidden=\"true\"><\/div>\n<\/form>\n<\/div>\n\n","protected":false},"excerpt":{"rendered":"<p>Corina es ideal para los proyectos inmobiliarios donde el volumen de construccio\u0301n requieren de un producto de calidad a un buen costo.<\/p>\n[maxbutton id=\"3\" url=\"https:\/\/plasticloset.com\/home_pc\/catalogo_plastiwindoor.pdf\" text=\"VER CATALOGO\" ]\n","protected":false},"featured_media":3970,"comment_status":"open","ping_status":"closed","template":"","meta":{"_joinchat":[]},"product_brand":[],"product_cat":[63],"product_tag":[],"class_list":{"0":"post-3968","1":"product","2":"type-product","3":"status-publish","4":"has-post-thumbnail","6":"product_cat-ventanas-plastiwindoor","8":"first","9":"instock","10":"shipping-taxable","11":"product-type-simple"},"_links":{"self":[{"href":"https:\/\/plasticloset.com\/home_pc\/wp-json\/wp\/v2\/product\/3968","targetHints":{"allow":["GET"]}}],"collection":[{"href":"https:\/\/plasticloset.com\/home_pc\/wp-json\/wp\/v2\/product"}],"about":[{"href":"https:\/\/plasticloset.com\/home_pc\/wp-json\/wp\/v2\/types\/product"}],"replies":[{"embeddable":true,"href":"https:\/\/plasticloset.com\/home_pc\/wp-json\/wp\/v2\/comments?post=3968"}],"wp:featuredmedia":[{"embeddable":true,"href":"https:\/\/plasticloset.com\/home_pc\/wp-json\/wp\/v2\/media\/3970"}],"wp:attachment":[{"href":"https:\/\/plasticloset.com\/home_pc\/wp-json\/wp\/v2\/media?parent=3968"}],"wp:term":[{"taxonomy":"product_brand","embeddable":true,"href":"https:\/\/plasticloset.com\/home_pc\/wp-json\/wp\/v2\/product_brand?post=3968"},{"taxonomy":"product_cat","embeddable":true,"href":"https:\/\/plasticloset.com\/home_pc\/wp-json\/wp\/v2\/product_cat?post=3968"},{"taxonomy":"product_tag","embeddable":true,"href":"https:\/\/plasticloset.com\/home_pc\/wp-json\/wp\/v2\/product_tag?post=3968"}],"curies":[{"name":"wp","href":"https:\/\/api.w.org\/{rel}","templated":true}]}}