{"id":828,"date":"2017-05-17T13:35:47","date_gmt":"2017-05-17T13:35:47","guid":{"rendered":"https:\/\/playgroundenterprice.com.ec\/home_pc\/about\/"},"modified":"2023-10-03T11:13:24","modified_gmt":"2023-10-03T16:13:24","slug":"nosotros","status":"publish","type":"page","link":"https:\/\/plasticloset.com\/home_pc\/nosotros\/","title":{"rendered":"Nosotros"},"content":{"rendered":"<div class=\"wpb-content-wrapper\">[vc_row css=\u00bb.vc_custom_1496235284324{padding-bottom: 60px !important;}\u00bb][vc_column width=\u00bb1\/2&#8243; css=\u00bb.vc_custom_1496930349684{padding-top: 30px !important;}\u00bb][vc_column_text]<img loading=\"lazy\" decoding=\"async\" class=\"alignnone wp-image-3829 size-large\" src=\"https:\/\/playgroundenterprice.com.ec\/home_pc\/wp-content\/uploads\/2019\/03\/26-26-1012x1024.jpg\" alt=\"\" width=\"1012\" height=\"1024\" srcset=\"https:\/\/plasticloset.com\/home_pc\/wp-content\/uploads\/2019\/03\/26-26-1012x1024.jpg 1012w, https:\/\/plasticloset.com\/home_pc\/wp-content\/uploads\/2019\/03\/26-26-297x300.jpg 297w, https:\/\/plasticloset.com\/home_pc\/wp-content\/uploads\/2019\/03\/26-26-768x777.jpg 768w, https:\/\/plasticloset.com\/home_pc\/wp-content\/uploads\/2019\/03\/26-26-600x607.jpg 600w, https:\/\/plasticloset.com\/home_pc\/wp-content\/uploads\/2019\/03\/26-26-100x100.jpg 100w, https:\/\/plasticloset.com\/home_pc\/wp-content\/uploads\/2019\/03\/26-26.jpg 1035w\" sizes=\"auto, (max-width: 1012px) 100vw, 1012px\" \/>[\/vc_column_text][\/vc_column][vc_column width=\u00bb1\/2&#8243;][vc_column_text]\n<h1><\/h1>\n<h1><\/h1>\n<h1>Acerca de la empresa<\/h1>\n<p>Se fund\u00f3 en el a\u00f1o de 1996 y es una empresa con mas de 25 a\u00f1os de experiencia en el mercado de ventanas PVC, cortinas Gallery y perfiles. Posicionados como los mejores debido a su larga duraci\u00f3n y eficacia en su instalaci\u00f3n.<\/p>\n<hr \/>\n<p data-fontsize=\"18\" data-lineheight=\"27\">Contamos con normas que aseguran el cumplimiento de las especificaciones t\u00e9cnicas de todos nuestros productos y distribuidores a nivel nacional. Entre las muchas bondades de nuestros productos o acabados, destacamos por:<\/p>\n<ul>\n<li>Eficiencia en tiempo\/entrega<\/li>\n<li>El mejor precio del mercado<\/li>\n<li>Garant\u00eda de f\u00e1brica<\/li>\n<li>Ventanas corredizas con las mejores caracter\u00edsticas t\u00e9cnicas y materiales.<\/li>\n<li>Precisi\u00f3n en la fabricaci\u00f3n<\/li>\n<\/ul>\n[\/vc_column_text][\/vc_column][\/vc_row][vc_row full_width=\u00bbstretch_row\u00bb css=\u00bb.vc_custom_1495716601611{margin-top: -30px !important;padding-top: 60px !important;padding-bottom: 60px !important;background-color: #f5f5f5 !important;}\u00bb][vc_column][vc_column_text css=\u00bb.vc_custom_1553627961134{margin-bottom: 0px !important;}\u00bb]\n<p style=\"color: #999999; margin-bottom: 0px;\">PRODUCTOS<\/p>\n<h2>\u00bfQu\u00e9 ofrecemos?<\/h2>\n[\/vc_column_text][\/vc_column][vc_column width=\u00bb1\/2&#8243; css=\u00bb.vc_custom_1496216874520{margin-top: -20px !important;}\u00bb][vc_column_text]Brindamos productos altamente funcionales, decorativos y elegantes, los mismos que permiten disfrutar del paisaje exterior manteniendo la intimidad de los espacios., enfoc\u00e1ndonos siempre a mejorar el bienestar de nuestros clientes en base a las distintas bondades de nuestros productos.<\/p>\n<h6>Entre nuestra gama de productos, contamos con marcas de prestigio nacional e internacional. Entre las que destacamos:<\/h6>\n[\/vc_column_text][\/vc_column][vc_column width=\u00bb1\/2&#8243; css=\u00bb.vc_custom_1499063170728{padding-top: 0px !important;}\u00bb]<div class='loft_pb loft_module'><h6 class='loft_pb_title' >Bienestar al cliente<\/h6><div class='loft_pb_bar'><div class='loft_pb_progress' data-value='90' style='width:0%;'><\/div><\/div><\/div><div class='loft_pb loft_module'><h6 class='loft_pb_title' >Estilo y Experiencia<\/h6><div class='loft_pb_bar'><div class='loft_pb_progress' data-value='85' style='width:0%;'><\/div><\/div><\/div><div class='loft_pb loft_module'><h6 class='loft_pb_title' >Precios C\u00f3modos<\/h6><div class='loft_pb_bar'><div class='loft_pb_progress' data-value='98' style='width:0%;'><\/div><\/div><\/div>[\/vc_column][\/vc_row][vc_row css=\u00bb.vc_custom_1497610623764{padding-top: 70px !important;}\u00bb][vc_column][vc_column_text]<a id=\"pruebas\"><\/a><br \/>\n<img loading=\"lazy\" decoding=\"async\" class=\"alignnone wp-image-3833 size-medium\" src=\"https:\/\/playgroundenterprice.com.ec\/home_pc\/wp-content\/uploads\/2019\/03\/Plastiwindoor-27-300x117.png\" alt=\"\" width=\"300\" height=\"117\" srcset=\"https:\/\/plasticloset.com\/home_pc\/wp-content\/uploads\/2019\/03\/Plastiwindoor-27-300x117.png 300w, https:\/\/plasticloset.com\/home_pc\/wp-content\/uploads\/2019\/03\/Plastiwindoor-27-768x300.png 768w, https:\/\/plasticloset.com\/home_pc\/wp-content\/uploads\/2019\/03\/Plastiwindoor-27-1024x400.png 1024w, https:\/\/plasticloset.com\/home_pc\/wp-content\/uploads\/2019\/03\/Plastiwindoor-27-600x234.png 600w, https:\/\/plasticloset.com\/home_pc\/wp-content\/uploads\/2019\/03\/Plastiwindoor-27.png 1462w\" sizes=\"auto, (max-width: 300px) 100vw, 300px\" \/><\/p>\n<p><span style=\"color: #f4cf00;\">III <\/span>Las puertas y ventanas de PLASTIWINDOOR son fabricadas con perfiles de PVC de alta calidad y pueden ser instaladas con vidrios monoli\u0301ticos, laminados, templados o paneles te\u0301rmicos (vidrio ca\u0301mara) de distintos espesores y colores.<\/p>\n<hr \/>\n<div class=\"page\" title=\"Page 2\">\n<div class=\"layoutArea\">\n<div class=\"column\">\n<p>Por otro lado, el PVC adema\u0301s de ser un material inocuo, esta en pro del bienestar del planeta, ya que al ser termo-acu\u0301stico, produce un importante ahorro energe\u0301tico al reemplazar otros materiales menos eficientes usados en la construccio\u0301n de puertas y ventanas.<\/p>\n<h5>Son ideales para:<\/h5>\n<div class=\"page\" title=\"Page 3\">\n<div class=\"layoutArea\">\n<div class=\"column\">\n<p>\u2022 Zonas de alta y baja<br \/>\n\u2022 Zonas Lluviosas<br \/>\n\u2022 Ambientes Salinos temperatura.<\/p>\n<\/div>\n<div class=\"page\" title=\"Page 6\">\n<div class=\"layoutArea\">\n<div class=\"column\">\n<hr \/>\n<div class=\"page\" title=\"Page 6\">\n<div class=\"layoutArea\">\n<div class=\"column\">\n<h6>Aislamiento Te\u0301rmico.<\/h6>\n<\/div>\n<\/div>\n<\/div>\n<p>Los perfiles de PVC poseen una muy baja conductividad te\u0301rmica, que no es sino la poca capacidad que tienen para transmitir calor.<\/p>\n<div class=\"page\" title=\"Page 6\">\n<div class=\"layoutArea\">\n<div class=\"column\">\n<h6>Beneficio Medioambiental.<\/h6>\n<div class=\"page\" title=\"Page 6\">\n<div class=\"layoutArea\">\n<div class=\"column\">\n<p>Al mantener una temperatura agradable dentro de las habitaciones, se reduce el uso de sistemas de climatizacio\u0301n como aires acondicionados o calefacciones.<\/p>\n<div class=\"page\" title=\"Page 7\">\n<div class=\"section\">\n<div class=\"layoutArea\">\n<div class=\"column\">\n<h6>Durabilidad.<\/h6>\n<div class=\"page\" title=\"Page 7\">\n<div class=\"section\">\n<div class=\"layoutArea\">\n<div class=\"column\">\n<p>Las ventanas de PVC tienen una gran ventaja competitiva, ya que poseen una larga vida u\u0301til por el origen de su materia prima (sal comu\u0301n y etileno), la tecnologi\u0301a de sus materiales y la forma en que se fabrica; su composicio\u0301n y caracteri\u0301sticas evitan la corrosio\u0301n por oxidacio\u0301n.<\/p>\n<\/div>\n<div class=\"page\" title=\"Page 7\">\n<div class=\"section\">\n<div class=\"layoutArea\">\n<div class=\"column\">\n<h6>Fa\u0301cil mantenimiento.<\/h6>\n<div class=\"page\" title=\"Page 7\">\n<div class=\"section\">\n<div class=\"layoutArea\">\n<div class=\"column\">\n<p>Las ventanas se limpian fa\u0301cilmente, solo utilizando un pan\u0303o humedecido en una solucio\u0301n de agua con jabo\u0301n li\u0301quido neutro y pueden mantener impecables por mucho tiempo.<\/p>\n<\/div>\n<p>&nbsp;<\/p>\n<\/div>\n<\/div>\n<\/div>\n<\/div>\n<\/div>\n<\/div>\n<\/div>\n<\/div>\n<\/div>\n<\/div>\n<\/div>\n<\/div>\n<\/div>\n<\/div>\n<\/div>\n<\/div>\n<\/div>\n<\/div>\n<div class=\"column\"><iframe loading=\"lazy\" src=\"https:\/\/www.youtube.com\/embed\/iUIefafgfyc\" width=\"560\" height=\"315\" frameborder=\"0\" allowfullscreen=\"allowfullscreen\"><\/iframe><\/div>\n<p>&nbsp;<\/p>\n<a class=\"maxbutton-3 maxbutton maxbutton-ver-productos\" href=\"https:\/\/plasticloset.com\/home_pc\/product-category\/ventanas-plastiwindoor\/\"><span class='mb-text'>VER PRODUCTOS<\/span><\/a>\u00a0 \u00a0 \u00a0 \u00a0 \u00a0 \u00a0 \u00a0 \u00a0 \u00a0 \u00a0 \u00a0 \u00a0 \u00a0 \u00a0 \u00a0 \u00a0 \u00a0 \u00a0 \u00a0 \u00a0 \u00a0 \u00a0 \u00a0 \u00a0 \u00a0 \u00a0 \u00a0 \u00a0 \u00a0 \u00a0 \u00a0 \u00a0<a class=\"maxbutton-4 maxbutton maxbutton-ver-productos\" href=\"https:\/\/plasticloset.com\/home_pc\/catalogo_plastiwindoor.pdf\"><span class='mb-text'>M\u00c1S INFORMACI\u00d3N<\/span><\/a>\n<\/div>\n<\/div>\n<\/div>\n<\/div>\n<\/div>\n<\/div>\n<\/div>\n<\/div>\n<\/div>\n<\/div>\n[\/vc_column_text][\/vc_column][\/vc_row][vc_row css=\u00bb.vc_custom_1497610623764{padding-top: 70px !important;}\u00bb][vc_column][vc_column_text]<a id=\"gallery\"><\/a><br \/>\n<span style=\"color: #f4cf00;\"><img loading=\"lazy\" decoding=\"async\" class=\"alignnone wp-image-3844 size-medium\" src=\"https:\/\/playgroundenterprice.com.ec\/home_pc\/wp-content\/uploads\/2019\/03\/Gallery-28-300x121.png\" alt=\"\" width=\"300\" height=\"121\" \/><img loading=\"lazy\" decoding=\"async\" class=\"alignnone size-medium wp-image-3844\" src=\"https:\/\/plasticloset.com\/home_pc\/wp-content\/uploads\/2019\/03\/Gallery-28-300x121.png\" alt=\"\" width=\"300\" height=\"121\" \/><\/span><\/p>\n<p><span style=\"color: #f4cf00;\">III <\/span>Buscamos la mejor manera de implementar nuestro servicio, adapt\u00e1ndonos a todas las necesidades de los clientes a trav\u00e9s de nuestra variedad de modelos.<\/p>\n<hr \/>\n<div class=\"page\" title=\"Page 2\">\n<div class=\"layoutArea\">\n<div class=\"column\">\n<p class=\"sow-sub-headline\" data-fontsize=\"37\" data-lineheight=\"52\">Nos enfocamos en el bienestar de nuestros clientes y colaboradores para brindarles los mejores productos de nuestras lineas de cortinas y persianas, asegur\u00e1ndonos en brindar una excelente calidad en su estilo de vida por medio de los beneficios del material, adapt\u00e1ndonos a sus necesidades.<\/p>\n<p class=\"sow-sub-headline\" data-fontsize=\"37\" data-lineheight=\"52\">Contamos con normas que aseguran el cumplimiento de las especificaciones t\u00e9cnicas de todos nuestros productos y distribuidores a nivel nacional.<\/p>\n<div class=\"page\" title=\"Page 3\">\n<div class=\"layoutArea\">\n<div class=\"column\"><\/div>\n<div class=\"page\" title=\"Page 6\">\n<div class=\"layoutArea\">\n<div class=\"column\">\n<div class=\"page\" title=\"Page 6\">\n<div class=\"layoutArea\">\n<div class=\"column\">\n<p><iframe loading=\"lazy\" src=\"https:\/\/www.youtube.com\/embed\/WPhAei_Ehyk\" width=\"560\" height=\"315\" frameborder=\"0\" allowfullscreen=\"allowfullscreen\"><\/iframe><\/p>\n<a class=\"maxbutton-3 maxbutton maxbutton-ver-productos\" href=\"https:\/\/plasticloset.com\/home_pc\/product-category\/cortinas-gallery\/\"><span class='mb-text'>VER PRODUCTOS<\/span><\/a>\n<\/div>\n<\/div>\n<\/div>\n<\/div>\n<\/div>\n<\/div>\n<\/div>\n<\/div>\n<\/div>\n<\/div>\n<\/div>\n[\/vc_column_text][\/vc_column][\/vc_row]\n<\/div>","protected":false},"excerpt":{"rendered":"<p>[vc_row css=\u00bb.vc_custom_1496235284324{padding-bottom: 60px !important;}\u00bb][vc_column width=\u00bb1\/2&#8243; css=\u00bb.vc_custom_1496930349684{padding-top: 30px !important;}\u00bb][vc_column_text][\/vc_column_text][\/vc_column][vc_column width=\u00bb1\/2&#8243;][vc_column_text] Acerca de la empresa Se fund\u00f3 en el a\u00f1o de 1996 y es una empresa con mas de 25 a\u00f1os de experiencia en el mercado de ventanas PVC, cortinas Gallery y perfiles. Posicionados como los mejores debido a su larga duraci\u00f3n y eficacia en su instalaci\u00f3n. [&hellip;]<\/p>\n","protected":false},"author":1,"featured_media":0,"parent":0,"menu_order":0,"comment_status":"closed","ping_status":"closed","template":"","meta":{"_joinchat":[],"footnotes":""},"class_list":["post-828","page","type-page","status-publish","hentry"],"_links":{"self":[{"href":"https:\/\/plasticloset.com\/home_pc\/wp-json\/wp\/v2\/pages\/828","targetHints":{"allow":["GET"]}}],"collection":[{"href":"https:\/\/plasticloset.com\/home_pc\/wp-json\/wp\/v2\/pages"}],"about":[{"href":"https:\/\/plasticloset.com\/home_pc\/wp-json\/wp\/v2\/types\/page"}],"author":[{"embeddable":true,"href":"https:\/\/plasticloset.com\/home_pc\/wp-json\/wp\/v2\/users\/1"}],"replies":[{"embeddable":true,"href":"https:\/\/plasticloset.com\/home_pc\/wp-json\/wp\/v2\/comments?post=828"}],"version-history":[{"count":6,"href":"https:\/\/plasticloset.com\/home_pc\/wp-json\/wp\/v2\/pages\/828\/revisions"}],"predecessor-version":[{"id":4201,"href":"https:\/\/plasticloset.com\/home_pc\/wp-json\/wp\/v2\/pages\/828\/revisions\/4201"}],"wp:attachment":[{"href":"https:\/\/plasticloset.com\/home_pc\/wp-json\/wp\/v2\/media?parent=828"}],"curies":[{"name":"wp","href":"https:\/\/api.w.org\/{rel}","templated":true}]}}